{"id":1443,"date":"2018-01-16T22:25:44","date_gmt":"2018-01-16T22:25:44","guid":{"rendered":"https:\/\/afrikxpress.com\/qui-sommes-nous\/"},"modified":"2023-02-16T10:17:23","modified_gmt":"2023-02-16T10:17:23","slug":"qui-sommes-nous","status":"publish","type":"page","link":"https:\/\/afrikxpress.com\/fr\/qui-sommes-nous\/","title":{"rendered":"Qui sommes nous"},"content":{"rendered":"<p>[et_pb_section bb_built=\u00a0\u00bb1&Prime; fullwidth=\u00a0\u00bboff\u00a0\u00bb specialty=\u00a0\u00bboff\u00a0\u00bb _builder_version=\u00a0\u00bb3.0.91&Prime; custom_css_main_element=\u00a0\u00bbpadding:0&Prime; disabled=\u00a0\u00bboff\u00a0\u00bb disabled_on=\u00a0\u00bbon|on|\u00a0\u00bb next_background_color=\u00a0\u00bb#000000&Prime;][et_pb_row _builder_version=\u00a0\u00bb3.0.91&Prime; custom_css_main_element=\u00a0\u00bbpadding: 0;\u00a0\u00bb][et_pb_column type=\u00a0\u00bb1_2&Prime;][et_pb_text admin_label=\u00a0\u00bbTriangle Orange\u00a0\u00bb _builder_version=\u00a0\u00bb3.3.1&Prime; custom_css_main_element=\u00a0\u00bbwidth: 0;||height: 0;||border-style: solid;||border-width: 0 0 800px 200px;||border-color: transparent transparent transparent #ec6707;||top: 0;||left: 0;||position: fixed;||z-index: 100;\u00a0\u00bb module_class=\u00a0\u00bbtriangle_orange\u00a0\u00bb text_font=\u00a0\u00bbArial||||||||\u00a0\u00bb \/][\/et_pb_column][et_pb_column type=\u00a0\u00bb1_2&Prime;][et_pb_text admin_label=\u00a0\u00bbTriangle Blue\u00a0\u00bb _builder_version=\u00a0\u00bb3.3.1&Prime; custom_css_main_element=\u00a0\u00bbborder-style: solid;||border-width: 1000px 175px 0 0;||border-color: transparent #0188cb transparent transparent;||bottom: 0;||right: 0;||position: fixed;||z-index: 100;\u00a0\u00bb module_class=\u00a0\u00bbtriangle_blue\u00a0\u00bb text_font=\u00a0\u00bbArial||||||||\u00a0\u00bb \/][\/et_pb_column][\/et_pb_row][\/et_pb_section][et_pb_section bb_built=\u00a0\u00bb1&Prime; fullwidth=\u00a0\u00bboff\u00a0\u00bb specialty=\u00a0\u00bboff\u00a0\u00bb prev_background_color=\u00a0\u00bb#000000&Prime; next_background_color=\u00a0\u00bb#000000&Prime;][et_pb_row _builder_version=\u00a0\u00bb3.0.91&Prime; custom_padding=\u00a0\u00bb||0px|\u00a0\u00bb use_custom_width=\u00a0\u00bbon\u00a0\u00bb][et_pb_column type=\u00a0\u00bb4_4&Prime;][et_pb_text admin_label=\u00a0\u00bbHeadline\u00a0\u00bb _builder_version=\u00a0\u00bb3.0.91&Prime; background_layout=\u00a0\u00bblight\u00a0\u00bb header_text_align=\u00a0\u00bbcenter\u00a0\u00bb text_orientation=\u00a0\u00bbcenter\u00a0\u00bb header_font_size=\u00a0\u00bb40&Prime; header_2_font_size=\u00a0\u00bb34&Prime; header_2_font_size_tablet=\u00a0\u00bb30&Prime; header_2_font_size_phone=\u00a0\u00bb26&Prime; header_2_font_size_last_edited=\u00a0\u00bbon|desktop\u00a0\u00bb header_2_line_height=\u00a0\u00bb1.6&Prime; header_2_line_height_tablet=\u00a0\u00bb1.5&Prime; header_2_line_height_phone=\u00a0\u00bb1.4&Prime; header_2_line_height_last_edited=\u00a0\u00bbon|desktop\u00a0\u00bb header_font_size_tablet=\u00a0\u00bb36&Prime; header_font_size_phone=\u00a0\u00bb26&Prime; header_font_size_last_edited=\u00a0\u00bbon|desktop\u00a0\u00bb header_line_height=\u00a0\u00bb1.7em\u00a0\u00bb header_line_height_tablet=\u00a0\u00bb1.6em\u00a0\u00bb header_line_height_phone=\u00a0\u00bb1.5em\u00a0\u00bb header_line_height_last_edited=\u00a0\u00bbon|phone\u00a0\u00bb header_text_color=\u00a0\u00bb#494949&Prime;]<\/p>\n<h1 style=\"text-align: left;\"><strong>Bienvenue chez AFRIK Xpress!<\/strong><\/h1>\n<p>[\/et_pb_text][et_pb_text _builder_version=\u00a0\u00bb3.3.1&Prime; header_3_font=\u00a0\u00bb|700|||||||\u00a0\u00bb header_3_font_size=\u00a0\u00bb30&Prime; header_3_font_size_tablet=\u00a0\u00bb26&Prime; header_3_font_size_phone=\u00a0\u00bb22&Prime; header_3_font_size_last_edited=\u00a0\u00bbon|phone\u00a0\u00bb header_3_line_height=\u00a0\u00bb1.6em\u00a0\u00bb header_3_line_height_tablet=\u00a0\u00bb1.4em\u00a0\u00bb header_3_line_height_phone=\u00a0\u00bb1.3em\u00a0\u00bb header_3_line_height_last_edited=\u00a0\u00bbon|phone\u00a0\u00bb text_font=\u00a0\u00bbArial||||||||\u00a0\u00bb]<\/p>\n<blockquote>\n<h3>Votre soci\u00e9t\u00e9 id\u00e9ale de transport pour vos envois de colis de et vers l\u2019afrique.<\/h3>\n<\/blockquote>\n<p>[\/et_pb_text][\/et_pb_column][\/et_pb_row][et_pb_row _builder_version=\u00a0\u00bb3.0.91&Prime; use_custom_width=\u00a0\u00bbon\u00a0\u00bb][et_pb_column type=\u00a0\u00bb4_4&Prime;][et_pb_text admin_label=\u00a0\u00bbText Service\u00a0\u00bb _builder_version=\u00a0\u00bb3.3.1&Prime; text_orientation=\u00a0\u00bbjustified\u00a0\u00bb text_font_size_phone=\u00a0\u00bb14&Prime; text_font_size_last_edited=\u00a0\u00bbon|phone\u00a0\u00bb text_line_height=\u00a0\u00bb1.8em\u00a0\u00bb text_line_height_tablet=\u00a0\u00bb1.7em\u00a0\u00bb text_line_height_phone=\u00a0\u00bb1.6em\u00a0\u00bb text_line_height_last_edited=\u00a0\u00bbon|phone\u00a0\u00bb header_3_font_size=\u00a0\u00bb30&Prime; header_3_font_size_tablet=\u00a0\u00bb26&Prime; header_3_font_size_phone=\u00a0\u00bb22&Prime; header_3_font_size_last_edited=\u00a0\u00bbon|phone\u00a0\u00bb header_3_text_color=\u00a0\u00bb#494949&Prime; header_3_line_height=\u00a0\u00bb1.6em\u00a0\u00bb header_3_line_height_tablet=\u00a0\u00bb1.4em\u00a0\u00bb header_3_line_height_phone=\u00a0\u00bb1.3em\u00a0\u00bb header_3_line_height_last_edited=\u00a0\u00bbon|phone\u00a0\u00bb header_4_font_size=\u00a0\u00bb24&Prime; header_4_font_size_tablet=\u00a0\u00bb20&Prime; header_4_font_size_phone=\u00a0\u00bb18&Prime; header_4_font_size_last_edited=\u00a0\u00bbon|phone\u00a0\u00bb header_4_text_color=\u00a0\u00bb#494949&Prime; header_4_line_height=\u00a0\u00bb1.4em\u00a0\u00bb header_4_line_height_tablet=\u00a0\u00bb1.3em\u00a0\u00bb header_4_line_height_phone=\u00a0\u00bb1.2em\u00a0\u00bb header_4_line_height_last_edited=\u00a0\u00bbon|phone\u00a0\u00bb text_text_color=\u00a0\u00bb#494949&Prime; text_font=\u00a0\u00bbArial||||||||\u00a0\u00bb]<\/p>\n<p>Vous voulez envoyer un colis en afrique, mais cela ne se passe pas aussi vite que vous le souhaitez? Souvent vous \u00eates oblig\u00e9s de payer tr\u00e8s cher, lorsque c\u00b4est urgent, ou vous armez de patience et attendre le prochain conteneur qui sera pr\u00eat dans un ou deux mois peut-\u00eatre.<\/p>\n<p>Vous \u00eates vous \u00e9galement retrouv\u00e9s dans cette situation?<\/p>\n<p>Moi aussi. Par exp\u00e9rience, je sais combien il est difficile d\u00b4envoyer des colis vers l&rsquo;afrique. Je me suis souvent pos\u00e9e la question de savoir \u00ab\u00a0pourquoi je ne pouvais pas \u00e9galement comme tous les autres, envoyer un colis en afrique sans me soucier du prix ou des d\u00e9lais de livraison?\u00a0\u00bb C\u00b4est justement pour cette raison que j\u00b4ai cr\u00e9\u00e9 AFRIK Xpress.<\/p>\n<h4><\/h4>\n<p>[\/et_pb_text][\/et_pb_column][\/et_pb_row][et_pb_row _builder_version=\u00a0\u00bb3.0.91&Prime; use_custom_width=\u00a0\u00bbon\u00a0\u00bb][et_pb_column type=\u00a0\u00bb4_4&Prime;][et_pb_text admin_label=\u00a0\u00bbText Zielgruppe\u00a0\u00bb _builder_version=\u00a0\u00bb3.3.1&Prime; text_font_size_phone=\u00a0\u00bb14&Prime; text_font_size_last_edited=\u00a0\u00bbon|desktop\u00a0\u00bb text_line_height=\u00a0\u00bb1.8em\u00a0\u00bb text_line_height_tablet=\u00a0\u00bb1.7em\u00a0\u00bb text_line_height_phone=\u00a0\u00bb1.6em\u00a0\u00bb text_line_height_last_edited=\u00a0\u00bbon|phone\u00a0\u00bb header_3_font_size=\u00a0\u00bb30&Prime; header_3_font_size_tablet=\u00a0\u00bb26&Prime; header_3_font_size_phone=\u00a0\u00bb22&Prime; header_3_font_size_last_edited=\u00a0\u00bbon|phone\u00a0\u00bb header_3_text_color=\u00a0\u00bb#494949&Prime; header_3_line_height=\u00a0\u00bb1.6em\u00a0\u00bb header_3_line_height_tablet=\u00a0\u00bb1.4em\u00a0\u00bb header_3_line_height_phone=\u00a0\u00bb1.3em\u00a0\u00bb header_3_line_height_last_edited=\u00a0\u00bbon|phone\u00a0\u00bb header_4_font_size=\u00a0\u00bb24&Prime; header_4_font_size_tablet=\u00a0\u00bb20&Prime; header_4_font_size_phone=\u00a0\u00bb18&Prime; header_4_font_size_last_edited=\u00a0\u00bbon|phone\u00a0\u00bb header_4_text_color=\u00a0\u00bb#494949&Prime; header_4_line_height=\u00a0\u00bb1.4em\u00a0\u00bb header_4_line_height_tablet=\u00a0\u00bb1.3em\u00a0\u00bb header_4_line_height_phone=\u00a0\u00bb1.2em\u00a0\u00bb header_4_line_height_last_edited=\u00a0\u00bbon|phone\u00a0\u00bb border_width_all=\u00a0\u00bb2&Prime; border_color_all=\u00a0\u00bb#0187cb\u00a0\u00bb border_style_all=\u00a0\u00bbdotted\u00a0\u00bb custom_padding=\u00a0\u00bb20px|20px|20px|20px\u00a0\u00bb text_text_color=\u00a0\u00bb#494949&Prime; text_font=\u00a0\u00bbArial||||||||\u00a0\u00bb]<\/p>\n<h3>\u00a0Notre service s\u00b4adresse<\/h3>\n<p>&nbsp;<\/p>\n<ul>\n<li><strong>\u00e0 la communaut\u00e9 africaine vivant en allemagne.<\/strong><\/li>\n<li><strong>aux allemands qui veulent s\u00b4installer en afrique de l\u00b4ouest ou en afrique centrale.<\/strong><\/li>\n<li><strong>aux petites et moyennes entreprises (PME) qui veulent exporter leurs produits en afrique.<\/strong><\/li>\n<\/ul>\n<p>[\/et_pb_text][\/et_pb_column][\/et_pb_row][et_pb_row _builder_version=\u00a0\u00bb3.0.91&Prime; use_custom_width=\u00a0\u00bbon\u00a0\u00bb][et_pb_column type=\u00a0\u00bb4_4&Prime;][et_pb_text admin_label=\u00a0\u00bbText Was ist Afrik Xpress\u00a0\u00bb _builder_version=\u00a0\u00bb3.3.1&Prime; text_orientation=\u00a0\u00bbjustified\u00a0\u00bb text_font_size_phone=\u00a0\u00bb14&Prime; text_font_size_last_edited=\u00a0\u00bbon|desktop\u00a0\u00bb text_line_height=\u00a0\u00bb1.8em\u00a0\u00bb text_line_height_tablet=\u00a0\u00bb1.7em\u00a0\u00bb text_line_height_phone=\u00a0\u00bb1.6em\u00a0\u00bb text_line_height_last_edited=\u00a0\u00bbon|phone\u00a0\u00bb header_3_font_size=\u00a0\u00bb30&Prime; header_3_font_size_tablet=\u00a0\u00bb26&Prime; header_3_font_size_phone=\u00a0\u00bb22&Prime; header_3_font_size_last_edited=\u00a0\u00bbon|phone\u00a0\u00bb header_3_text_color=\u00a0\u00bb#494949&Prime; header_3_line_height=\u00a0\u00bb1.6em\u00a0\u00bb header_3_line_height_tablet=\u00a0\u00bb1.4em\u00a0\u00bb header_3_line_height_phone=\u00a0\u00bb1.3em\u00a0\u00bb header_3_line_height_last_edited=\u00a0\u00bbon|phone\u00a0\u00bb header_4_font_size=\u00a0\u00bb24&Prime; header_4_font_size_tablet=\u00a0\u00bb20&Prime; header_4_font_size_phone=\u00a0\u00bb18&Prime; header_4_font_size_last_edited=\u00a0\u00bbon|phone\u00a0\u00bb header_4_text_color=\u00a0\u00bb#494949&Prime; header_4_line_height=\u00a0\u00bb1.4em\u00a0\u00bb header_4_line_height_tablet=\u00a0\u00bb1.3em\u00a0\u00bb header_4_line_height_phone=\u00a0\u00bb1.2em\u00a0\u00bb header_4_line_height_last_edited=\u00a0\u00bbon|phone\u00a0\u00bb text_text_color=\u00a0\u00bb#494949&Prime; text_font=\u00a0\u00bbArial||||||||\u00a0\u00bb]<\/p>\n<p>AFRIK Xpress est une entreprise moderne d\u00b4exp\u00e9dition qui s\u00b4est sp\u00e9cialis\u00e9e dans l&rsquo;import-export avec l&rsquo;afrique. Tout exp\u00e9diteur est capable de transporter un colis d\u00b4un point A vers un point B. Mais AFRIK Xpress fait certaines choses mieux, car nous connaissons les attentes de nos clients.<\/p>\n<p>[\/et_pb_text][\/et_pb_column][\/et_pb_row][et_pb_row _builder_version=\u00a0\u00bb3.0.91&Prime; use_custom_width=\u00a0\u00bbon\u00a0\u00bb][et_pb_column type=\u00a0\u00bb4_4&Prime;][et_pb_text admin_label=\u00a0\u00bbText Kundenorientiert\u00a0\u00bb _builder_version=\u00a0\u00bb3.3.1&Prime; text_font_size_phone=\u00a0\u00bb14&Prime; text_font_size_last_edited=\u00a0\u00bbon|desktop\u00a0\u00bb text_line_height=\u00a0\u00bb1.8em\u00a0\u00bb text_line_height_tablet=\u00a0\u00bb1.7em\u00a0\u00bb text_line_height_phone=\u00a0\u00bb1.6em\u00a0\u00bb text_line_height_last_edited=\u00a0\u00bbon|phone\u00a0\u00bb header_3_font_size=\u00a0\u00bb30&Prime; header_3_font_size_tablet=\u00a0\u00bb26&Prime; header_3_font_size_phone=\u00a0\u00bb22&Prime; header_3_font_size_last_edited=\u00a0\u00bbon|phone\u00a0\u00bb header_3_text_color=\u00a0\u00bb#494949&Prime; header_3_line_height=\u00a0\u00bb1.6em\u00a0\u00bb header_3_line_height_tablet=\u00a0\u00bb1.4em\u00a0\u00bb header_3_line_height_phone=\u00a0\u00bb1.3em\u00a0\u00bb header_3_line_height_last_edited=\u00a0\u00bbon|phone\u00a0\u00bb header_4_font_size=\u00a0\u00bb24&Prime; header_4_font_size_tablet=\u00a0\u00bb20&Prime; header_4_font_size_phone=\u00a0\u00bb18&Prime; header_4_font_size_last_edited=\u00a0\u00bbon|phone\u00a0\u00bb header_4_text_color=\u00a0\u00bb#494949&Prime; header_4_line_height=\u00a0\u00bb1.4em\u00a0\u00bb header_4_line_height_tablet=\u00a0\u00bb1.3em\u00a0\u00bb header_4_line_height_phone=\u00a0\u00bb1.2em\u00a0\u00bb header_4_line_height_last_edited=\u00a0\u00bbon|phone\u00a0\u00bb text_text_color=\u00a0\u00bb#494949&Prime; text_font=\u00a0\u00bbArial||||||||\u00a0\u00bb]<\/p>\n<blockquote>\n<h4><b>Nous travaillons en fonction des imp\u00e9ratifs de notre client\u00e8le et proposons des solutions sur mesure en mati\u00e8re de logistique, op\u00e9rations de d\u00e9douanement, r\u00e9ception et livraison.<\/b><\/h4>\n<\/blockquote>\n<p>[\/et_pb_text][\/et_pb_column][\/et_pb_row][\/et_pb_section][et_pb_section bb_built=\u00a0\u00bb1&Prime; fullwidth=\u00a0\u00bbon\u00a0\u00bb specialty=\u00a0\u00bboff\u00a0\u00bb prev_background_color=\u00a0\u00bb#000000&Prime;][et_pb_fullwidth_map _builder_version=\u00a0\u00bb3.3.1&Prime; address=\u00a0\u00bbKruppstra\u00dfe 82-100, 45145 Essen, Deutschland\u00a0\u00bb zoom_level=\u00a0\u00bb15&Prime; address_lat=\u00a0\u00bb51.4465824&Prime; address_lng=\u00a0\u00bb6.995666700000015&Prime; mouse_wheel=\u00a0\u00bboff\u00a0\u00bb][et_pb_map_pin _builder_version=\u00a0\u00bb3.3.1&Prime; pin_address=\u00a0\u00bbKruppstra\u00dfe 82-100, 45145 Essen, Deutschland\u00a0\u00bb pin_address_lat=\u00a0\u00bb51.4465824&Prime; pin_address_lng=\u00a0\u00bb6.995666700000015&Prime; zoom_level=\u00a0\u00bb18&Prime;]<\/p>\n<h4><strong>AFRIK Xpress<\/strong><\/p>\n<p>Lindenallee 77<\/p>\n<p>45127 Essen<\/h4>\n<p>[\/et_pb_map_pin][\/et_pb_fullwidth_map][\/et_pb_section]<\/p>\n","protected":false},"excerpt":{"rendered":"<p>Bienvenue chez AFRIK Xpress! Votre soci\u00e9t\u00e9 id\u00e9ale de transport pour vos envois de colis de et vers l\u2019afrique. Vous voulez envoyer un colis en afrique, mais cela ne se passe pas aussi vite que vous le souhaitez? Souvent vous \u00eates oblig\u00e9s de payer tr\u00e8s cher, lorsque c\u00b4est urgent, ou vous armez de patience et attendre [&hellip;]<\/p>\n","protected":false},"author":8,"featured_media":0,"parent":0,"menu_order":40,"comment_status":"closed","ping_status":"closed","template":"","meta":{"_et_pb_use_builder":"on","_et_pb_old_content":"<p>\u00a0<\/p><p><strong>Willkommen bei AFRIK Xpress Ihr ideales Transportunternehmen f\u00fcr Lieferungen von und nach Afrika<\/strong><\/p><p>\u00a0<\/p><p>Sie wollen etwas nach Afrika versenden, aber es geht nicht so schnell, wie Sie es sich w\u00fcnschen. Entweder Sie greifen tief in die Tasche, wenn es eilig ist, oder Sie bringen viel Zeit mit, weil Sie auf den n\u00e4chsten Container warten m\u00fcssen, der vielleicht in ein bis zwei Monaten voll wird.<\/p><p>Kommt Ihnen die Situation bekannt vor?<\/p><p>\u00a0<\/p><p>Ich kenne das auch. Aus eigener Erfahrung, wei\u00dfe ich wie schwer es ist in Deutschland einen Versand nach Afrika zu erledigen. Ich habe mir auch immer die Frage gestellt \"warum kann ich nicht wie alle anderen ganz spontan ein Paket nach Afrika senden ohne mir Gedanken \u00fcber die Kosten oder die Zeit zu machen? Genau aus diesem Grund habe ich\u00a0 AFRIK Xpress gegr\u00fcndet.<\/p><p>\u00a0<\/p><p><strong>Bild:<\/strong> Frau Bah<br \/> <strong>Bildtag: Binta Bah Inhaberin AFRIK Xpress<\/strong><\/p><p><strong>Bildunterschrift: <\/strong>Binta Bah, Inhaberin AFRIK Xpress<\/p><p>\u00a0<\/p><p>AFRIK Xpress ist ein modernes und dynamisches Speditionsunternehmen, welches sich auf Transportdienstleistungen von und nach Afrika spezialisiert hat. Jeder Spediteur kann eigentlich ein Paket von A nach B verlagern. Aber AFRIK Xpress macht einiges besser. Denn, wir verstehen die Erwartungen unserer Kunden. Unser Service richtet sich an die<\/p><p>\u00a0<\/p><ul><li>in Deutschland lebende afrikanische Gesellschaft<\/li><li>Staatangeh\u00f6rige, die sich in West oder Zentral Afrika niederlassen m\u00f6chten<\/li><li>Klein und Mttlere Unternehmen (KMU), die ihre Produkte nach Afrika exportieren wollen<\/li><\/ul><p>\u00a0<\/p><p>Wir arbeiten Kundenorientiert und bieten Ihnen in den Bereichen Logistik, Spedition, Zoll- und Anlieferung stets ma\u00dfgeschneiderte Dienstleistungen an.<\/p>","_et_gb_content_width":"","footnotes":""},"_links":{"self":[{"href":"https:\/\/afrikxpress.com\/fr\/wp-json\/wp\/v2\/pages\/1443"}],"collection":[{"href":"https:\/\/afrikxpress.com\/fr\/wp-json\/wp\/v2\/pages"}],"about":[{"href":"https:\/\/afrikxpress.com\/fr\/wp-json\/wp\/v2\/types\/page"}],"author":[{"embeddable":true,"href":"https:\/\/afrikxpress.com\/fr\/wp-json\/wp\/v2\/users\/8"}],"replies":[{"embeddable":true,"href":"https:\/\/afrikxpress.com\/fr\/wp-json\/wp\/v2\/comments?post=1443"}],"version-history":[{"count":26,"href":"https:\/\/afrikxpress.com\/fr\/wp-json\/wp\/v2\/pages\/1443\/revisions"}],"predecessor-version":[{"id":2200,"href":"https:\/\/afrikxpress.com\/fr\/wp-json\/wp\/v2\/pages\/1443\/revisions\/2200"}],"wp:attachment":[{"href":"https:\/\/afrikxpress.com\/fr\/wp-json\/wp\/v2\/media?parent=1443"}],"curies":[{"name":"wp","href":"https:\/\/api.w.org\/{rel}","templated":true}]}}