{"id":1425,"date":"2018-01-15T23:45:36","date_gmt":"2018-01-15T23:45:36","guid":{"rendered":"https:\/\/afrikxpress.com\/droits-de-confidentialites\/"},"modified":"2018-05-23T08:20:35","modified_gmt":"2018-05-23T08:20:35","slug":"droits-de-confidentialites","status":"publish","type":"page","link":"https:\/\/afrikxpress.com\/fr\/droits-de-confidentialites\/","title":{"rendered":"Droits de confidentialit\u00e9s"},"content":{"rendered":"<p>[et_pb_section bb_built=\u00a0\u00bb1&Prime; fullwidth=\u00a0\u00bboff\u00a0\u00bb specialty=\u00a0\u00bboff\u00a0\u00bb _builder_version=\u00a0\u00bb3.0.91&Prime; custom_css_main_element=\u00a0\u00bbpadding:0&Prime; next_background_color=\u00a0\u00bb#000000&Prime;][et_pb_row _builder_version=\u00a0\u00bb3.0.91&Prime; custom_css_main_element=\u00a0\u00bbpadding: 0;\u00a0\u00bb][et_pb_column type=\u00a0\u00bb1_2&Prime;][et_pb_text admin_label=\u00a0\u00bbTriangle Orange\u00a0\u00bb _builder_version=\u00a0\u00bb3.3.1&Prime; custom_css_main_element=\u00a0\u00bbwidth: 0;||height: 0;||border-style: solid;||border-width: 0 0 800px 200px;||border-color: transparent transparent transparent #ec6707;||top: 0;||left: 0;||position: fixed;||z-index: 100;\u00a0\u00bb module_class=\u00a0\u00bbtriangle_orange\u00a0\u00bb text_font=\u00a0\u00bbArial||||||||\u00a0\u00bb \/][\/et_pb_column][et_pb_column type=\u00a0\u00bb1_2&Prime;][et_pb_text admin_label=\u00a0\u00bbTriangle_Blue\u00a0\u00bb _builder_version=\u00a0\u00bb3.3.1&Prime; custom_css_main_element=\u00a0\u00bbborder-style: solid;||border-width: 1000px 175px 0 0;||border-color: transparent #0188cb transparent transparent;||bottom: 0;||right: 0;||position: fixed;||z-index: 100;\u00a0\u00bb module_class=\u00a0\u00bbtriangle_blue\u00a0\u00bb text_font=\u00a0\u00bbArial||||||||\u00a0\u00bb \/][\/et_pb_column][\/et_pb_row][\/et_pb_section][et_pb_section bb_built=\u00a0\u00bb1&Prime; fullwidth=\u00a0\u00bboff\u00a0\u00bb specialty=\u00a0\u00bboff\u00a0\u00bb prev_background_color=\u00a0\u00bb#000000&Prime;][et_pb_row _builder_version=\u00a0\u00bb3.0.91&Prime; use_custom_width=\u00a0\u00bbon\u00a0\u00bb][et_pb_column type=\u00a0\u00bb4_4&Prime;][et_pb_text _builder_version=\u00a0\u00bb3.3.1&Prime; saved_tabs=\u00a0\u00bball\u00a0\u00bb header_text_align=\u00a0\u00bbleft\u00a0\u00bb text_orientation=\u00a0\u00bbjustified\u00a0\u00bb text_font_size_phone=\u00a0\u00bb14&Prime; text_font_size_last_edited=\u00a0\u00bbon|desktop\u00a0\u00bb text_line_height=\u00a0\u00bb1.8em\u00a0\u00bb text_line_height_tablet=\u00a0\u00bb1.7em\u00a0\u00bb text_line_height_phone=\u00a0\u00bb1.6em\u00a0\u00bb text_line_height_last_edited=\u00a0\u00bbon|desktop\u00a0\u00bb header_2_font_size=\u00a0\u00bb34&Prime; header_2_font_size_tablet=\u00a0\u00bb30&Prime; header_2_font_size_phone=\u00a0\u00bb26&Prime; header_2_font_size_last_edited=\u00a0\u00bbon|phone\u00a0\u00bb header_2_line_height=\u00a0\u00bb1.7em\u00a0\u00bb header_2_line_height_tablet=\u00a0\u00bb1.5em\u00a0\u00bb header_2_line_height_phone=\u00a0\u00bb1.4em\u00a0\u00bb header_2_line_height_last_edited=\u00a0\u00bbon|phone\u00a0\u00bb text_text_color=\u00a0\u00bb#494949&Prime; header_3_font=\u00a0\u00bb|700|||||||\u00a0\u00bb header_3_font_size=\u00a0\u00bb30&Prime; header_3_font_size_tablet=\u00a0\u00bb26&Prime; header_3_font_size_phone=\u00a0\u00bb22&Prime; header_3_font_size_last_edited=\u00a0\u00bbon|phone\u00a0\u00bb header_3_text_color=\u00a0\u00bb#494949&Prime; header_3_line_height=\u00a0\u00bb1.6em\u00a0\u00bb header_3_line_height_tablet=\u00a0\u00bb1.4em\u00a0\u00bb header_3_line_height_phone=\u00a0\u00bb1.3em\u00a0\u00bb header_3_line_height_last_edited=\u00a0\u00bbon|phone\u00a0\u00bb header_font_size=\u00a0\u00bb40&Prime; header_font_size_tablet=\u00a0\u00bb36&Prime; header_font_size_phone=\u00a0\u00bb26&Prime; header_font_size_last_edited=\u00a0\u00bbon|phone\u00a0\u00bb text_font=\u00a0\u00bbArial||||||||\u00a0\u00bb]<\/p>\n<h1>Politique de confidentialit\u00e9<\/h1>\n<p>&nbsp;<\/p>\n<h3>Protection des donn\u00e9es<\/h3>\n<p>Les op\u00e9rateurs du pr\u00e9sent site prennent la protection de vos donn\u00e9es personnelles tr\u00e8s au s\u00e9rieux. Nous traitons vos renseignements personnels de mani\u00e8re confidentielle , conform\u00e9ment \u00e0 la l\u00e9gislation sur la protection des donn\u00e9es, ainsi qu\u2019\u00e0 cette politique de confidentialit\u00e9. Notre site peut g\u00e9n\u00e9ralement \u00eatre utilis\u00e9 sans avoir \u00e0 fournir de renseignements personnels. Les coordonn\u00e9es personnelles (telles que nom, adresse ou adresse \u00e9lectronique) \u00e9ventuellement recueillies le sont \u00e0 titre volontaire. Ces donn\u00e9es ne seront pas communiqu\u00e9es \u00e0 des tiers sans accord expr\u00e8s de votre part. Nous attirons votre attention sur le fait que la transmission de donn\u00e9es sur Internet (par ex. lors d\u2019une communication \u00e9lectronique) peut pr\u00e9senter des failles de s\u00e9curit\u00e9.<\/p>\n<h3>Cookies<\/h3>\n<p>De temps \u00e0 autre, les sites Internet ont recours \u00e0 ce que l\u2019on appelle des cookies. Ceux-ci ne causent pas de dommage sur votre ordinateur et ne contiennent pas de virus. Les cookies rendent notre offre plus conviviale, plus efficace et plus s\u00fbre. Ce sont de petits fichiers texte d\u00e9pos\u00e9s sur votre ordinateur et enregistr\u00e9s par votre navigateur. La plupart des cookies que nous utilisons sont des \u00ab cookies de session \u00bb. Ils sont automatiquement supprim\u00e9s \u00e0 la fin de votre visite. Les autres cookies restent stock\u00e9s sur votre terminal jusqu\u2019\u00e0 ce que vous les supprimiez. Ils nous permettent de reconna\u00eetre votre navigateur \u00e0 votre prochaine visite. Vous pouvez param\u00e9trer votre navigateur de mani\u00e8re \u00e0 \u00eatre inform\u00e9 de la cr\u00e9ation de cookies et d\u00e9cider, au cas par cas, soit de les accepter , soit de les refuser, ou encore de les supprimer automatiquement en d\u00e9sactivant la fonction d\u2019installation de cookies dans votre navigateur. La d\u00e9sactivation des cookies peut cependant r\u00e9duire la fonctionnalit\u00e9 du pr\u00e9sent site Web.<\/p>\n<p>&nbsp;<\/p>\n<h3>Fichiers journaux de serveur<\/h3>\n<p>Le fournisseur du site recueille et stocke automatiquement des informations dans ce que l\u2019on appelle des fichiers journaux de serveur, lesquels nous sont automatiquement transmis par votre navigateur.<\/p>\n<p>Les informations concern\u00e9es sont les suivantes :<br \/>\n\u00b7 type et version du navigateur<br \/>\n\u00b7 syst\u00e8me d\u2019exploitation utilis\u00e9<br \/>\n\u00b7 URL de r\u00e9f\u00e9rence<br \/>\n\u00b7 nom du serveur exploitant votre ordinateur<br \/>\n\u00b7 heure de requ\u00eate du serveur<\/p>\n<p>Ces donn\u00e9es ne peuvent \u00eatre attribu\u00e9es \u00e0 des personnes pr\u00e9cises. Une corr\u00e9lation entre ces donn\u00e9es et d\u2019autres sources de donn\u00e9es n\u2019est pas effectu\u00e9e. Nous nous r\u00e9servons n\u00e9anmoins le droit de v\u00e9rifier ces donn\u00e9es ult\u00e9rieurement, pour le cas o\u00f9 un indice concret d\u2019utilisation abusive serait port\u00e9 \u00e0 notre connaissance.<\/p>\n<p>&nbsp;<\/p>\n<h3>Formulaire de contact<\/h3>\n<p>Lorsque vous nous adressez des requ\u00eates via le formulaire de contact, les renseignements y figurant, incluant les coordonn\u00e9es de contact fournies, seront enregistr\u00e9es par nos soins afin de traiter la requ\u00eate et en cas de questions compl\u00e9mentaires. Nous ne communiquerons en aucun cas ces donn\u00e9es sans votre consentement.<\/p>\n<p>&nbsp;<\/p>\n<h3>Google Analytics<\/h3>\n<p>Le pr\u00e9sent site Web utilise des fonctions du service d\u2019analyse de sites Web Google Analytics. Le fournisseur de services est Google Inc., 1600 Amphitheatre Parkway Mountain View, CA 94043, USA. Google Analytics utilise des \u00ab cookies \u00bb. Ce sont des fichiers texte qui sont stock\u00e9s sur votre ordinateur et permettent d\u2019effectuer une analyse de votre utilisation du site Web. Les informations produites par les cookies \u00e0 travers votre utilisation du pr\u00e9sent site sont g\u00e9n\u00e9ralement transmises \u00e0 un serveur de Google aux \u00c9tats-Unis et stock\u00e9es sur ce serveur. Vous trouverez de plus amples informations relatives aux donn\u00e9es d\u2019utilisateur par Google Analytics dans la Politique de confidentialit\u00e9 de Google: https:\/\/support.google.com\/analytics\/answer\/6004245?hl=de<\/p>\n<p>&nbsp;<\/p>\n<h3>Utilisation de Google Maps<\/h3>\n<p>Le pr\u00e9sent site Web utilise Google Maps, un service de cartographie de Google, exploit\u00e9 par Google Inc.,1600 Amphitheatre Parkway, Mountain View, CA 94043, USA (\u00ab Google \u00bb). En utilisant Google Maps, des donn\u00e9es relatives \u00e0 l\u2019utilisation des fonctions cartographiques par les visiteurs du site Web sont collect\u00e9es, trait\u00e9es et utilis\u00e9es. Les clients peuvent consulter les mentions de Google sur la protection des donn\u00e9es sur http:\/\/www.google.de\/intl\/de\/policies\/privacy\/. Des pr\u00e9cautions d\u2019utilisation suppl\u00e9mentaires relatives \u00e0 Google Maps sont consultables sur http:\/\/www.google.com\/intl\/de_de\/help\/terms_maps.html.<\/p>\n<h3><\/h3>\n<p>&nbsp;<\/p>\n<h3>Plugin pour navigateur<\/h3>\n<p>Vous pouvez emp\u00eacher l\u2019installation de cookies en param\u00e9trant judicieusement votre logiciel de navigation. Nous attirons cependant votre attention sur le fait que, le cas \u00e9ch\u00e9ant, vous ne pourrez peut-\u00eatre pas b\u00e9n\u00e9ficier pleinement de l\u2019ensemble des fonctionnalit\u00e9s propos\u00e9es par le pr\u00e9sent site Web. En outre, vous pouvez emp\u00eacher la collecte par Google des donn\u00e9es g\u00e9n\u00e9r\u00e9es par les cookies cr\u00e9\u00e9s et li\u00e9s \u00e0 votre utilisation du site (y compris votre adresse IP) ainsi que le traitement de ces donn\u00e9es par Google en t\u00e9l\u00e9chargeant et en installant le plugin de navigation mis \u00e0 votre disposition. Pour ce faire, cliquez sur le lien suivant : https:\/\/tools.google.com\/dlpage\/gaoptout?hl=de<\/p>\n<h3><\/h3>\n<h3><\/h3>\n<h3>Opposition \u00e0 la collecte de donn\u00e9es<\/h3>\n<p>Vous pouvez emp\u00eacher la collecte de vos donn\u00e9es par Google Analytics en cliquant sur le lien ci-dessous. Les cookies seront d\u00e9sactiv\u00e9s pour emp\u00eacher la collecte de vos donn\u00e9es lors de vos futures visites sur le pr\u00e9sent site Web : [google_analytics_optout]<strong>D\u00e9sactiver Google Analytics<\/strong>[\/google_analytics_optout]<\/p>\n<h3><\/h3>\n<p>&nbsp;<\/p>\n<h3>Traitement des donn\u00e9es contractuelles<\/h3>\n<p>Nous avons conclu un accord de traitement des donn\u00e9es contractuelles avec Google et satisfaisons pleinement aux exigences strictes des autorit\u00e9s allemandes charg\u00e9es de la protection des donn\u00e9es quant \u00e0 l\u2019utilisation de Google Analytics.<\/p>\n<h3><\/h3>\n<p>&nbsp;<\/p>\n<h3>Anonymisation de l\u2019adresse IP<\/h3>\n<p>Nous utilisons la fonction \u00ab Activation de l\u2019anonymisation de l\u2019adresse IP \u00bb sur le pr\u00e9sent site Web. Votre adresse IP sera donc d\u2019abord abr\u00e9g\u00e9e par Google au sein des \u00c9tats membres de l\u2019Union europ\u00e9enne ou dans d\u2019autres \u00c9tats ayant sign\u00e9 l\u2019accord sur l\u2019Espace \u00e9conomique europ\u00e9en. Exceptionnellement seulement, l\u2019adresse IP enti\u00e8re sera transmise \u00e0 un serveur de Google aux \u00c9tats-Unis, puis abr\u00e9g\u00e9e. Ces informations seront utilis\u00e9es par Google sur demande de l\u2019op\u00e9rateur du pr\u00e9sent site Web pour \u00e9valuer votre utilisation du site, \u00e9tablir des rapports sur les activit\u00e9s du site et pour fournir \u00e0 l\u2019op\u00e9rateur du site Web d\u2019autres prestations de service li\u00e9es \u00e0 l\u2019activit\u00e9 du site et \u00e0 l\u2019utilisation d\u2019Internet. L\u2019adresse IP transmise par votre navigateur dans le cadre de Google Analytics n\u2019est pas associ\u00e9e \u00e0 d\u2019autres donn\u00e9es de Google.<\/p>\n<h3><\/h3>\n<p>&nbsp;<\/p>\n<h3>Donn\u00e9es d\u00e9mographiques aupr\u00e8s de Google<\/h3>\n<p>Le pr\u00e9sent site Web a recours \u00e0 la fonction \u00ab Donn\u00e9es d\u00e9mographiques \u00bb de Google Analytics. Des rapports peuvent ainsi \u00eatre \u00e9tablis, contenant les indications communiqu\u00e9es sur l\u2019\u00e2ge, le sexe et les centres d\u2019int\u00e9r\u00eat des visiteurs du site. Ces donn\u00e9es proviennent de publicit\u00e9s cibl\u00e9es de Google ainsi que de donn\u00e9es de visiteur issues de prestataires tiers. Ces donn\u00e9es ne peuvent \u00eatre attribu\u00e9es \u00e0 aucune personne pr\u00e9sice. Vous pouvez d\u00e9sactiver la fonction \u00e0 tout moment dans les param\u00e8tres d\u2019affichage de votre compte Google ou interdire toute collecte de vos donn\u00e9es par Google Analytics, comme indiqu\u00e9 dans la section \u00ab Opposition \u00e0 la collecte de donn\u00e9es \u00bb.<\/p>\n<p>&nbsp;<\/p>\n<h3>Plugins de Facebook<\/h3>\n<p>Sur notre site sont int\u00e9gr\u00e9s des plugins du r\u00e9seau social Facebook, le fournisseur Facebook Inc., 1 Hacker Way, Menlo Park, California 94025, USA. Les plugins de Facebook sont reconnaissables au logo Facebook ou au bouton \u00ab Like \u00bb (\u00ab J\u2019aime \u00bb) sur notre site. Vous trouverez ici un aper\u00e7u des plugins de Facebook : http:\/\/developers.facebook.com\/docs\/plugins\/. Lorsque vous visitez nos pages, le plugin cr\u00e9e une connexion directe entre votre navigateur et le serveur de Facebook. Facebook re\u00e7oit ainsi l\u2019information selon laquelle vous avez visit\u00e9 notre site via votre adresse IP. Si vous cliquez sur le bouton \u00ab J\u2019aime \u00bb de Facebook pendant que vous \u00eates connect\u00e9 \u00e0 votre compte Facebook, vous pourrez relier les contenus de nos pages \u00e0 votre profil Facebook. Facebook pourra alors attribuer la visite de notre site \u00e0 votre compte utilisateur. Nous attirons votre attention sur le fait qu\u2019en tant qu\u2019h\u00e9bergeur du site, nous n\u2019avons aucune connaissance du contenu des donn\u00e9es transmises, ni de l\u2019utilisation qui en est faite par Facebook. Vous trouverez de plus amples informations \u00e0 ce sujet dans la Politique de confidentialit\u00e9 de Facebook, sous http:\/\/de-de.facebook.com\/policy.php. Si vous ne souhaitez pas que Facebook attribue la visite de notre site \u00e0 votre compte d\u2019utilisateur Facebook, veuillez vous d\u00e9connecter de votre compte d\u2019utilisateur Facebook.<\/p>\n<p>&nbsp;<\/p>\n<h3>LinkedIn<\/h3>\n<p>Notre site Web utilise les fonctions du r\u00e9seau LinkedIn. Le fournisseur est LinkedIn Corporation, 2029 Stierlin Court, Mountain View, CA 94043, USA. \u00c0 chaque appel de l\u2019une de nos pages qui comprend des fonctions de LinkedIn, une connexion au serveur de LinkedIn est \u00e9tablie. LinkedIn est alors inform\u00e9 que vous avez visit\u00e9 notre site Internet via votre adresse IP. Si vous cliquez sur le bouton \u00ab Recommander \u00bb de LinkedIn et \u00eates connect\u00e9 \u00e0 LinkedIn par votre compte, LinkedIn pourra d\u00e9tecter votre visite sur nos pages et votre compte d\u2019utilisateur. Nous attirons votre attention sur le fait qu\u2019en tant qu\u2019h\u00e9bergeur du site, nous n\u2019avons aucune connaissance du contenu des donn\u00e9es transmises, ni de l\u2019utilisation qui en est faite par LinkedIn.<\/p>\n<p>Vous trouverez de plus amples informations \u00e0 ce sujet dans la Politique de confidentialit\u00e9 de LinkedIn, sous :<br \/>\nhttps:\/\/www.linkedin.com\/legal\/privacy-policy<\/p>\n<p>&nbsp;<\/p>\n<h3>Cryptage SSL<\/h3>\n<p>Pour des raisons de s\u00e9curit\u00e9 et de protection de la transmission de contenus confidentiels, comme par exemple les demandes que vous nous adressez en tant qu\u2019exploitant du site, le pr\u00e9sent site utilise le cryptage SSL. Une connexion crypt\u00e9e est signal\u00e9e par un changement de protocole, lequel passe de \u00ab http:\/\/ \u00bb \u00e0 \u00ab https:\/\/ \u00bb sur la ligne d\u2019adresse du navigateur et \u00e9galement par l\u2019ic\u00f4ne de cadenas qui appara\u00eet sur la ligne de votre navigateur. Lorsque le cryptage SSL est activ\u00e9, les donn\u00e9es que vous nous transmettez ne peuvent pas \u00eatre lues par des tiers.<\/p>\n<p>&nbsp;<\/p>\n<h3>Droit d\u2019acc\u00e8s, de suppression et de verrouillage des donn\u00e9es<\/h3>\n<p>Vous avez \u00e0 tout moment le droit de b\u00e9n\u00e9ficier d\u2019une information gratuite sur les renseignements personnels m\u00e9moris\u00e9s, leur origine, leur destination et la raison du traitement des donn\u00e9es, ainsi qu\u2019un droit de rectification, de blocage ou de suppression de ces donn\u00e9es. Vous pouvez nous contacter \u00e0 tout moment \u00e0 l\u2019adresse indiqu\u00e9e dans les mentions l\u00e9gales pour demander des pr\u00e9cisions \u00e0 ce sujet ou sur les renseignements personnels.<\/p>\n<p>&nbsp;<\/p>\n<h3>Opposition aux messages \u00e9lectroniques publicitaires<\/h3>\n<p>L\u2019utilisation des coordonn\u00e9es de contact publi\u00e9es dans le cadre des mentions l\u00e9gales \u00e0 des fins publicitaires et pour envoyer documents informatifs non sollicit\u00e9s est express\u00e9ment interdite. Les op\u00e9rateurs des pages se r\u00e9servent le droit d\u2019engager des poursuites judiciaires en cas d\u2019envoi non sollicit\u00e9 d\u2019informations publicitaires, tels que les pourriels.<\/p>\n<p><strong><em>Source :<\/em><em> eRecht24<\/em><\/strong><\/p>\n<p>[\/et_pb_text][\/et_pb_column][\/et_pb_row][\/et_pb_section]<\/p>\n","protected":false},"excerpt":{"rendered":"<p>Politique de confidentialit\u00e9 &nbsp; Protection des donn\u00e9es Les op\u00e9rateurs du pr\u00e9sent site prennent la protection de vos donn\u00e9es personnelles tr\u00e8s au s\u00e9rieux. Nous traitons vos renseignements personnels de mani\u00e8re confidentielle , conform\u00e9ment \u00e0 la l\u00e9gislation sur la protection des donn\u00e9es, ainsi qu\u2019\u00e0 cette politique de confidentialit\u00e9. Notre site peut g\u00e9n\u00e9ralement \u00eatre utilis\u00e9 sans avoir \u00e0 [&hellip;]<\/p>\n","protected":false},"author":8,"featured_media":0,"parent":0,"menu_order":0,"comment_status":"closed","ping_status":"closed","template":"","meta":{"_et_pb_use_builder":"on","_et_pb_old_content":"<h1>Datenschutzerkl\u00e4rung<\/h1><h2>Datenschutz<\/h2><p>Die Betreiber dieser Seiten nehmen<br \/> den Schutz Ihrer pers\u00f6nlichen Daten sehr ernst. Wir behandeln Ihre personenbezogenen Daten<br \/> vertraulich und entsprechend der gesetzlichen Datenschutzvorschriften sowie dieser<br \/> Datenschutzerkl\u00e4rung.<\/p><p>Die Nutzung unserer Webseite ist in der Regel ohne Angabe<br \/> personenbezogener Daten m\u00f6glich. Soweit auf unseren Seiten personenbezogene Daten<br \/> (beispielsweise Name, Anschrift oder E-Mail-Adressen) erhoben werden, erfolgt dies, soweit<br \/> m\u00f6glich, stets auf freiwilliger Basis. Diese Daten werden ohne Ihre ausdr\u00fcckliche Zustimmung<br \/> nicht an Dritte weitergegeben.<\/p><p>Wir weisen darauf hin, dass die Daten\u00fcbertragung im Internet (z.B. bei der Kommunikation per E-Mail) Sicherheitsl\u00fccken aufweisen kann. Ein l\u00fcckenloser<br \/> Schutz der Daten vor dem Zugriff durch Dritte ist nicht m\u00f6glich.<\/p><p>\u00a0<\/p><h2>Cookies<\/h2><p>Die Internetseiten verwenden teilweise so genannte Cookies. Cookies richten auf Ihrem<br \/> Rechner keinen Schaden an und enthalten keine Viren. Cookies dienen dazu, unser Angebot<br \/> nutzerfreundlicher, effektiver und sicherer zu machen. Cookies sind kleine Textdateien, die auf Ihrem<br \/> Rechner abgelegt werden und die Ihr Browser speichert.<\/p><p>Die meisten der von uns verwendeten Cookies sind so genannte \u201eSession-Cookies\u201c. Sie werden nach Ende Ihres Besuchs automatisch<br \/> gel\u00f6scht. Andere Cookies bleiben auf Ihrem Endger\u00e4t gespeichert, bis Sie diese l\u00f6schen.<br \/> Diese Cookies erm\u00f6glichen es uns, Ihren Browser beim n\u00e4chsten Besuch<br \/> wiederzuerkennen.<\/p><p>Sie k\u00f6nnen Ihren Browser so einstellen, dass Sie \u00fcber das Setzen<br \/> von Cookies informiert werden und Cookies nur im Einzelfall erlauben, die Annahme von Cookies f\u00fcr<br \/> bestimmte F\u00e4lle oder generell ausschlie\u00dfen sowie das automatische L\u00f6schen der<br \/> Cookies beim Schlie\u00dfen des Browser aktivieren. Bei der Deaktivierung von Cookies kann die<br \/> Funktionalit\u00e4t dieser Website eingeschr\u00e4nkt sein.<\/p><p>\u00a0<\/p><h2>Server-Log-Files<\/h2><p>Der Provider der Seiten erhebt und speichert automatisch Informationen in so genannten<br \/> Server-Log Files, die Ihr Browser automatisch an uns \u00fcbermittelt. Dies sind:<\/p><ul><li>Browsertyp und Browserversion<\/li><li>verwendetes Betriebssystem<\/li><li>Referrer URL<\/li><li>Hostname des zugreifenden Rechners<\/li><li>Uhrzeit der Serveranfrage<\/li><\/ul><p>Diese Daten sind<br \/> nicht bestimmten Personen zuordenbar. Eine Zusammenf\u00fchrung dieser Daten mit anderen<br \/> Datenquellen wird nicht vorgenommen. Wir behalten uns vor, diese Daten nachtr\u00e4glich zu<br \/> pr\u00fcfen, wenn uns konkrete Anhaltspunkte f\u00fcr eine rechtswidrige Nutzung bekannt werden.<\/p><p>\u00a0<\/p><h2>Kontaktformular<\/h2><p>Wenn Sie uns per Kontaktformular Anfragen zukommen lassen, werden Ihre Angaben aus dem Anfrageformular inklusive der von Ihnen dort angegebenen<br \/> Kontaktdaten zwecks Bearbeitung der Anfrage und f\u00fcr den Fall von Anschlussfragen bei uns<br \/> gespeichert. Diese Daten geben wir nicht ohne Ihre Einwilligung weiter.<\/p><p>\u00a0<\/p><h2>Facebook-Plugins (Like-Button)<\/h2><p>Auf unseren Seiten sind Plugins des sozialen Netzwerks<br \/> Facebook, Anbieter Facebook Inc., 1 Hacker Way, Menlo Park, California 94025, USA, integriert. Die<br \/> Facebook-Plugins erkennen Sie an dem Facebook-Logo oder dem \"Like-Button\" (\"Gef\u00e4llt mir\") auf<br \/> unserer Seite. Eine \u00dcbersicht \u00fcber die Facebook-Plugins finden Sie hier: <a href=\"http:\/\/developers.facebook.com\/docs\/plugins\/\">http:\/\/developers.facebook.com\/docs\/plugins\/<\/a><br \/> .<\/p><p>Wenn Sie unsere Seiten besuchen, wird \u00fcber das Plugin eine direkte Verbindung zwischen<br \/> Ihrem Browser und dem Facebook-Server hergestellt. Facebook erh\u00e4lt dadurch die Information,<br \/> dass Sie mit Ihrer IP-Adresse unsere Seite besucht haben. Wenn Sie den Facebook \"Like-Button\"<br \/> anklicken w\u00e4hrend Sie in Ihrem Facebook-Account eingeloggt sind, k\u00f6nnen Sie die Inhalte<br \/> unserer Seiten auf Ihrem Facebook-Profil verlinken. Dadurch kann Facebook den Besuch unserer Seiten<br \/> Ihrem Benutzerkonto zuordnen. Wir weisen darauf hin, dass wir als Anbieter der Seiten keine Kenntnis<br \/> vom Inhalt der \u00fcbermittelten Daten sowie deren Nutzung durch Facebook erhalten. Weitere<br \/> Informationen hierzu finden Sie in der Datenschutzerkl\u00e4rung von Facebook unter <a href=\"http:\/\/dede. facebook.com\/policy.php\">http:\/\/de-de.facebook.com\/policy.php<\/a>.<\/p><p>Wenn Sie nicht w\u00fcnschen, dass Facebook den Besuch unserer Seiten Ihrem Facebook-Nutzerkonto zuordnen<br \/> kann, loggen Sie sich bitte aus Ihrem Facebook-Benutzerkonto aus.<\/p><p>\u00a0<\/p><h2>LinkedIn<\/h2><p>Unsere Website nutzt Funktionen des Netzwerks LinkedIn. Anbieter ist die LinkedIn<br \/> Corporation, 2029 Stierlin Court, Mountain View, CA 94043, USA. Bei jedem Abruf einer unserer Seiten,<br \/> die Funktionen von LinkedIn enth\u00e4lt, wird eine Verbindung zu Servern von LinkedIn aufbaut.<br \/> LinkedIn wird dar\u00fcber informiert, dass Sie unsere Internetseiten mit Ihrer IP-Adresse besucht haben.<br \/> Wenn Sie den \"Recommend-Button\" von LinkedIn anklicken und in Ihrem Account bei LinkedIn eingeloggt<br \/> sind, ist es LinkedIn m\u00f6glich, Ihren Besuch auf unserer Internetseite Ihnen und Ihrem Benutzerkonto<br \/> zuzuordnen. Wir weisen darauf hin, dass wir als Anbieter der Seiten keine Kenntnis vom Inhalt der<br \/> \u00fcbermittelten Daten sowie deren Nutzung durch LinkedIn haben.<\/p><p>Weitere Informationen hierzu finden Sie in der Datenschutzerkl\u00e4rung von LinkedIn unter: <a href=\"https:\/\/www.linkedin.com\/legal\/privacy-policy\">https:\/\/www.linkedin.com\/legal\/privacy-policy<\/a><\/p><p>\u00a0<\/p><h2>SSL-Verschl\u00fcsselung<\/h2><p>Diese Seite nutzt aus Gr\u00fcnden der<br \/> Sicherheit und zum Schutz der \u00dcbertragung vertraulicher Inhalte, wie zum Beispiel der Anfragen, die<br \/> Sie an uns als Seitenbetreiber senden, eine SSL-Verschl\u00fcsselung. Eine verschl\u00fcsselte<br \/> Verbindung erkennen Sie daran, dass die Adresszeile des Browsers von \"http:\/\/\" auf<br \/> \"https:\/\/\" wechselt und an dem Schloss-Symbol in Ihrer Browserzeile.<\/p><p>Wenn die SSL<br \/> Verschl\u00fcsselung aktiviert ist, k\u00f6nnen die Daten, die Sie an uns \u00fcbermitteln, nicht von<br \/> Dritten mitgelesen werden.<\/p><p>\u00a0<\/p><h2>Recht auf Auskunft, L\u00f6schung, Sperrung<\/h2><p>Sie haben jederzeit das Recht auf unentgeltliche Auskunft \u00fcber Ihre gespeicherten<br \/> personenbezogenen Daten, deren Herkunft und Empf\u00e4nger und den Zweck der Datenverarbeitung<br \/> sowie ein Recht auf Berichtigung, Sperrung oder L\u00f6schung dieser Daten. Hierzu sowie zu weiteren<br \/> Fragen zum Thema personenbezogene Daten k\u00f6nnen Sie sich jederzeit unter der im Impressum<br \/> angegebenen Adresse an uns wenden.<\/p><p>\u00a0<\/p><h2>Widerspruch Werbe-Mails<\/h2><p>Der Nutzung von im Rahmen der Impressumspflicht ver\u00f6ffentlichten Kontaktdaten zur<br \/> \u00dcbersendung von nicht ausdr\u00fccklich angeforderter Werbung und Informationsmaterialien wird<br \/> hiermit widersprochen. Die Betreiber der Seiten behalten sich ausdr\u00fccklich rechtliche Schritte im<br \/> Falle der unverlangten Zusendung von Werbeinformationen, etwa durch Spam-E-Mails, vor.<\/p>","_et_gb_content_width":"","footnotes":""},"_links":{"self":[{"href":"https:\/\/afrikxpress.com\/fr\/wp-json\/wp\/v2\/pages\/1425"}],"collection":[{"href":"https:\/\/afrikxpress.com\/fr\/wp-json\/wp\/v2\/pages"}],"about":[{"href":"https:\/\/afrikxpress.com\/fr\/wp-json\/wp\/v2\/types\/page"}],"author":[{"embeddable":true,"href":"https:\/\/afrikxpress.com\/fr\/wp-json\/wp\/v2\/users\/8"}],"replies":[{"embeddable":true,"href":"https:\/\/afrikxpress.com\/fr\/wp-json\/wp\/v2\/comments?post=1425"}],"version-history":[{"count":6,"href":"https:\/\/afrikxpress.com\/fr\/wp-json\/wp\/v2\/pages\/1425\/revisions"}],"predecessor-version":[{"id":2108,"href":"https:\/\/afrikxpress.com\/fr\/wp-json\/wp\/v2\/pages\/1425\/revisions\/2108"}],"wp:attachment":[{"href":"https:\/\/afrikxpress.com\/fr\/wp-json\/wp\/v2\/media?parent=1425"}],"curies":[{"name":"wp","href":"https:\/\/api.w.org\/{rel}","templated":true}]}}